{"id":5264,"date":"2020-12-18T13:51:44","date_gmt":"2020-12-18T12:51:44","guid":{"rendered":"https:\/\/abcduparfum.fr\/the-perfume-workshops\/"},"modified":"2025-12-01T17:11:03","modified_gmt":"2025-12-01T16:11:03","slug":"the-perfume-workshops","status":"publish","type":"page","link":"https:\/\/abcduparfum.fr\/en\/the-perfume-workshops\/","title":{"rendered":"The perfume workshops"},"content":{"rendered":"<p>[et_pb_section fb_built=&#8221;1&#8243; fullwidth=&#8221;on&#8221; _builder_version=&#8221;4.16&#8243; _module_preset=&#8221;default&#8221; background_color=&#8221;rgba(0,0,0,0)&#8221; global_colors_info=&#8221;{}&#8221;][et_pb_fullwidth_post_title meta=&#8221;off&#8221; featured_image=&#8221;off&#8221; _builder_version=&#8221;4.16&#8243; _module_preset=&#8221;default&#8221; title_font=&#8221;|600|||||||&#8221; title_font_size=&#8221;20px&#8221; background_color=&#8221;#faeae0&#8243; text_orientation=&#8221;center&#8221; module_alignment=&#8221;center&#8221; custom_padding=&#8221;3%||3%||true|false&#8221; custom_padding_tablet=&#8221;&#8221; custom_padding_phone=&#8221;5%||5%||true|false&#8221; custom_padding_last_edited=&#8221;on|desktop&#8221; global_colors_info=&#8221;{}&#8221;][\/et_pb_fullwidth_post_title][\/et_pb_section][et_pb_section fb_built=&#8221;1&#8243; _builder_version=&#8221;4.16&#8243; _module_preset=&#8221;default&#8221; custom_padding=&#8221;7px||0px|||&#8221; global_colors_info=&#8221;{}&#8221;][et_pb_row column_structure=&#8221;2_5,3_5&#8243; _builder_version=&#8221;4.16&#8243; _module_preset=&#8221;default&#8221; custom_padding=&#8221;||14px|||&#8221; global_colors_info=&#8221;{}&#8221;][et_pb_column type=&#8221;2_5&#8243; _builder_version=&#8221;4.16&#8243; _module_preset=&#8221;default&#8221; global_colors_info=&#8221;{}&#8221;][et_pb_text _builder_version=&#8221;4.16&#8243; _module_preset=&#8221;default&#8221; header_font=&#8221;||||||||&#8221; header_2_font=&#8221;|300|||||||&#8221; header_2_text_color=&#8221;#8c0231&#8243; header_2_font_size=&#8221;16px&#8221; header_2_letter_spacing=&#8221;1px&#8221; custom_margin=&#8221;||22px|||&#8221; animation_style=&#8221;fold&#8221; global_colors_info=&#8221;{}&#8221;]<\/p>\n<p style=\"text-align: justify\"><span style=\"color: #000000\"><strong>They allow perfume enthusiasts to learn about composition through an initiatory journey of one hour and a half.<\/strong><\/span><\/p>\n<p style=\"text-align: justify\">Guided by the perfumer (&#8220;nose&#8221;) and thanks to an organ specially designed for this purpose, each one creates their tailor-made perfume, leaves with it and can recommend it later &#8230;<\/p>\n<p style=\"text-align: justify\">A unique experience that does not require any prior knowledge.<\/p>\n<p>[\/et_pb_text][et_pb_text _builder_version=&#8221;4.16&#8243; _module_preset=&#8221;default&#8221; animation_style=&#8221;fold&#8221; global_colors_info=&#8221;{}&#8221;]<\/p>\n<p style=\"text-align: justify\"><strong>The added value of the ABC of perfume<\/strong> : We develop our own compositions (Rose, Raspberry, Amber\u2026). Thus, by combining them, you can create perfumes as sophisticated as in the trade.<\/p>\n<p>[\/et_pb_text][et_pb_blurb url=&#8221;#faqatelier&#8221; use_icon=&#8221;on&#8221; font_icon=&#8221;&#xe007;||divi||400&#8243; icon_placement=&#8221;left&#8221; _builder_version=&#8221;4.16&#8243; _module_preset=&#8221;default&#8221; body_font=&#8221;|300|||||||&#8221; body_text_color=&#8221;#c3085b&#8221; background_color=&#8221;rgba(0,0,0,0)&#8221; custom_padding=&#8221;5px|5px|5px|5px|true|true&#8221; link_option_url=&#8221;#faqatelier&#8221; border_radii=&#8221;on|5px|5px|5px|5px&#8221; border_width_all=&#8221;1px&#8221; border_color_all=&#8221;#8c475d&#8221; global_colors_info=&#8221;{}&#8221; transform_styles__hover_enabled=&#8221;on|hover&#8221; transform_scale__hover_enabled=&#8221;on|hover&#8221; transform_translate__hover_enabled=&#8221;on|desktop&#8221; transform_rotate__hover_enabled=&#8221;on|desktop&#8221; transform_skew__hover_enabled=&#8221;on|desktop&#8221; transform_origin__hover_enabled=&#8221;on|desktop&#8221; transform_scale__hover=&#8221;105%|105%&#8221;]<\/p>\n<p>A question ? Click here to find all your answers in the FAQ<\/p>\n<p>[\/et_pb_blurb][\/et_pb_column][et_pb_column type=&#8221;3_5&#8243; _builder_version=&#8221;4.16&#8243; _module_preset=&#8221;default&#8221; global_colors_info=&#8221;{}&#8221;][et_pb_image src=&#8221;https:\/\/abcduparfum.fr\/wp-content\/uploads\/2020\/11\/Atelier-Parfum-BD-54.jpg&#8221; title_text=&#8221;Perfume Workshop&#8221; _builder_version=&#8221;4.16&#8243; _module_preset=&#8221;default&#8221; global_colors_info=&#8221;{}&#8221;][\/et_pb_image][\/et_pb_column][\/et_pb_row][\/et_pb_section][et_pb_section fb_built=&#8221;1&#8243; _builder_version=&#8221;4.16&#8243; _module_preset=&#8221;default&#8221; background_color=&#8221;#faeae0&#8243; custom_padding=&#8221;23px||6px|||&#8221; global_colors_info=&#8221;{}&#8221;][et_pb_row column_structure=&#8221;3_5,2_5&#8243; _builder_version=&#8221;4.16&#8243; _module_preset=&#8221;default&#8221; global_colors_info=&#8221;{}&#8221;][et_pb_column type=&#8221;3_5&#8243; _builder_version=&#8221;4.16&#8243; _module_preset=&#8221;default&#8221; global_colors_info=&#8221;{}&#8221;][et_pb_text _builder_version=&#8221;4.27.4&#8243; _module_preset=&#8221;default&#8221; header_text_color=&#8221;#c3085b&#8221; header_3_text_color=&#8221;#c3085b&#8221; background_color=&#8221;rgba(0,0,0,0)&#8221; hover_enabled=&#8221;0&#8243; global_colors_info=&#8221;{}&#8221; sticky_enabled=&#8221;0&#8243;]<\/p>\n<h3>ADULT PERFUME WORKSHOP<\/h3>\n<p style=\"text-align: justify;\"><span style=\"color: #333333;\"><strong>Travel through the main \u201ctypes\u201d of perfumes, Orientals, Cypres, Ferns &#8230; while discovering the raw materials most used in perfumery. Then create your tailor-made perfume using an organ specially designed for this purpose.<\/strong><\/span><\/p>\n<p style=\"text-align: justify;\">You will discover a world of creation; what is a &#8220;note&#8221;, a &#8220;chord&#8221;? Why does perfume change over time? You will work like the perfumer (the &#8220;nose&#8221;) by choosing the facets that will constitute your perfume from an organ of around fifty &#8220;notes&#8221; or compositions (rose, blackcurrant, musk, etc.); you will create fragrances as rich and complex as commercial ones. A fun and creative workshop.<br \/>At the end of the workshop, you keep your formulas and can recommend your perfume.<\/p>\n<ul>\n<li><strong>Duration of the workshop<\/strong> : 2h<\/li>\n<li><strong>Price<\/strong> : 89 \u20ac \/ person (includes the course and the perfume created)<\/li>\n<li><strong>Fragrances created<\/strong> : Three perfumes of 5 Milliliters then one perfume of 50 Milliliters with spray)<\/li>\n<li><strong>Where ?<\/strong> At L&#8217;ABC du PARFUM (Paris), 7 rue Vineuse 75016 Paris<\/li>\n<\/ul>\n<p>[\/et_pb_text][\/et_pb_column][et_pb_column type=&#8221;2_5&#8243; _builder_version=&#8221;4.16&#8243; _module_preset=&#8221;default&#8221; global_colors_info=&#8221;{}&#8221;][et_pb_image src=&#8221;https:\/\/abcduparfum.fr\/wp-content\/uploads\/2020\/11\/atelier-du-parfum-pro-event-paris-marina-jung.jpg&#8221; title_text=&#8221;atelier du parfum pro event paris marina jung&#8221; align=&#8221;center&#8221; _builder_version=&#8221;4.16&#8243; _module_preset=&#8221;default&#8221; global_colors_info=&#8221;{}&#8221;][\/et_pb_image][et_pb_button button_url=&#8221;https:\/\/abcduparfum.fr\/en\/training-workshops-creation-of-perfume-online\/&#8221; button_text=&#8221;Book online&#8221; button_alignment=&#8221;left&#8221; _builder_version=&#8221;4.16&#8243; _module_preset=&#8221;default&#8221; custom_button=&#8221;on&#8221; button_text_size=&#8221;16px&#8221; button_font=&#8221;|||on|||||&#8221; button_use_icon=&#8221;off&#8221; global_colors_info=&#8221;{}&#8221;][\/et_pb_button][et_pb_button button_url=&#8221;https:\/\/abcduparfum.fr\/en\/category-produit\/workshops\/&#8221; button_text=&#8221;CLICK HERE to buy A GIFT VOUCHER% %22Workshop%22 without date, you will come back to the site later to set the date of the appointment.&#8221; button_alignment=&#8221;center&#8221; _builder_version=&#8221;4.16&#8243; _module_preset=&#8221;default&#8221; custom_button=&#8221;on&#8221; button_text_color=&#8221;#8c0231&#8243; button_bg_color=&#8221;#ffffff&#8221; custom_margin=&#8221;||14px|||&#8221; global_colors_info=&#8221;{}&#8221;][\/et_pb_button][\/et_pb_column][\/et_pb_row][\/et_pb_section][et_pb_section fb_built=&#8221;1&#8243; disabled_on=&#8221;on|on|off&#8221; _builder_version=&#8221;4.16&#8243; _module_preset=&#8221;default&#8221; background_color=&#8221;rgba(250,234,224,0.38)&#8221; custom_padding=&#8221;28px||6px|||&#8221; global_colors_info=&#8221;{}&#8221;][et_pb_row column_structure=&#8221;2_5,3_5&#8243; _builder_version=&#8221;4.16&#8243; _module_preset=&#8221;default&#8221; global_colors_info=&#8221;{}&#8221;][et_pb_column type=&#8221;2_5&#8243; _builder_version=&#8221;4.16&#8243; _module_preset=&#8221;default&#8221; global_colors_info=&#8221;{}&#8221;][et_pb_image src=&#8221;https:\/\/abcduparfum.fr\/wp-content\/uploads\/2020\/11\/atelier-du-parfum-enfant-groupe-paris-marina-jung.jpg&#8221; title_text=&#8221;children&apos;s perfume workshop paris group marina jung&#8221; align=&#8221;center&#8221; _builder_version=&#8221;4.16&#8243; _module_preset=&#8221;default&#8221; global_colors_info=&#8221;{}&#8221;][\/et_pb_image][et_pb_button button_url=&#8221;https:\/\/abcduparfum.fr\/en\/training-workshops-creation-of-perfume-online\/&#8221; button_text=&#8221;Book online&#8221; button_alignment=&#8221;right&#8221; _builder_version=&#8221;4.16&#8243; _module_preset=&#8221;default&#8221; custom_button=&#8221;on&#8221; button_text_size=&#8221;16px&#8221; button_font=&#8221;|||on|||||&#8221; button_use_icon=&#8221;off&#8221; global_colors_info=&#8221;{}&#8221;][\/et_pb_button][\/et_pb_column][et_pb_column type=&#8221;3_5&#8243; _builder_version=&#8221;4.16&#8243; _module_preset=&#8221;default&#8221; global_colors_info=&#8221;{}&#8221;][et_pb_text _builder_version=&#8221;4.16&#8243; _module_preset=&#8221;default&#8221; header_text_color=&#8221;#c3085b&#8221; header_3_text_color=&#8221;#c3085b&#8221; background_color=&#8221;rgba(0,0,0,0)&#8221; global_colors_info=&#8221;{}&#8221;]<\/p>\n<h3 style=\"text-align: right;\">ATELIER PARFUM ENFANTS &amp; ADOLESCENTS<\/h3>\n<p style=\"text-align: justify;\"><span style=\"color: #333333;\"><strong>Parce qu&#8217;ils sont naturellement dou\u00e9s pour la cr\u00e9ation, les enfants et les adolescents excellent \u00e0 cr\u00e9er des parfums; fruit\u00e9s, musqu\u00e9es, ambr\u00e9es\u2026 Gr\u00e2ce \u00e0 cet atelier, ils d\u00e9couvrent un m\u00e9tier et repartent avec leurs cr\u00e9ations, un dipl\u00f4me et leurs formules. L\u2019occasion de susciter des vocations.<\/strong><\/span><\/p>\n<p style=\"text-align: justify;\">D\u00e9roulement : Les premi\u00e8res minutes sont consacr\u00e9es a\u0300 la m\u00e9thode puis chacun d\u00e9couvre les compositions; rose, iris, cassis, framboise&#8230; Autant de \u00ab\u00a0notes\u00a0\u00bb qu\u2019ils choisiront pour l\u2019accord du parfum. Chacun cr\u00e9e 3 parfums. On sent, on ressent, on d\u00e9crit et on devine les \u00ab\u00a0notes\u00a0\u00bb que chacun a utilis\u00e9. Les flacons sont d\u00e9cor\u00e9s et emball\u00e9s dans une pochette. Chacun peut ensuite renouveler ses parfum en ligne.<\/p>\n<p>&nbsp;<\/p>\n<ul>\n<li><strong>Age conseill\u00e9<\/strong> : 7 ans et plus<\/li>\n<li><strong>Dur\u00e9e<\/strong> : 1h30<\/li>\n<li><strong>Prix<\/strong> : Forfait de 250\u20ac pour un groupe jusqu\u2019\u00e0 10 puis 25 euros\/enfant. Le mercredi, prix de 220\u20ac<\/li>\n<li><strong>Parfums cr\u00e9\u00e9s<\/strong> : 2 \u00e9chantillons puis un parfum de 20 millilitres luxe par participant<\/li>\n<li><strong>O\u00f9 ?<\/strong> L\u2019Abc du parfum se d\u00e9place \u00e0 domicile<\/li>\n<\/ul>\n<p>[\/et_pb_text][\/et_pb_column][\/et_pb_row][\/et_pb_section][et_pb_section fb_built=&#8221;1&#8243; disabled_on=&#8221;off|off|on&#8221; _builder_version=&#8221;4.16&#8243; _module_preset=&#8221;default&#8221; background_color=&#8221;rgba(250,234,224,0.38)&#8221; custom_padding=&#8221;28px||6px|||&#8221; global_colors_info=&#8221;{}&#8221;][et_pb_row column_structure=&#8221;3_5,2_5&#8243; _builder_version=&#8221;4.16&#8243; _module_preset=&#8221;default&#8221; global_colors_info=&#8221;{}&#8221;][et_pb_column type=&#8221;3_5&#8243; _builder_version=&#8221;4.16&#8243; _module_preset=&#8221;default&#8221; global_colors_info=&#8221;{}&#8221;][et_pb_text _builder_version=&#8221;4.16&#8243; _module_preset=&#8221;default&#8221; header_text_color=&#8221;#c3085b&#8221; header_3_text_color=&#8221;#c3085b&#8221; background_color=&#8221;rgba(0,0,0,0)&#8221; global_colors_info=&#8221;{}&#8221;]<\/p>\n<h3 style=\"text-align: right;\">ATELIER PARFUM ENFANTS &amp; ADOLESCENTS<\/h3>\n<p style=\"text-align: justify;\"><span style=\"color: #333333;\"><strong>Parce qu&#8217;ils sont naturellement dou\u00e9s pour la cr\u00e9ation, les enfants et les adolescents excellent \u00e0 cr\u00e9er des parfums; fruit\u00e9s, musqu\u00e9es, ambr\u00e9es\u2026 Gr\u00e2ce \u00e0 cet atelier, ils d\u00e9couvrent un m\u00e9tier et repartent avec leurs cr\u00e9ations, un dipl\u00f4me et leurs formules. L\u2019occasion de susciter des vocations.<\/strong><\/span><\/p>\n<p style=\"text-align: justify;\">D\u00e9roulement : Les premi\u00e8res minutes sont consacr\u00e9es a\u0300 la m\u00e9thode puis chacun d\u00e9couvre les compositions; rose, iris, cassis, framboise&#8230; Autant de \u00ab\u00a0notes\u00a0\u00bb qu\u2019ils choisiront pour l\u2019accord du parfum. Chacun cr\u00e9e 3 parfums. On sent, on ressent, on d\u00e9crit et on devine les \u00ab\u00a0notes\u00a0\u00bb que chacun a utilis\u00e9. Les flacons sont d\u00e9cor\u00e9s et emball\u00e9s dans une pochette. Chacun peut ensuite renouveler ses parfum en ligne.<\/p>\n<p>&nbsp;<\/p>\n<ul>\n<li><strong>Age conseill\u00e9<\/strong> : 7 ans et plus<\/li>\n<li><strong>Dur\u00e9e<\/strong> : 1h30<\/li>\n<li><strong>Prix<\/strong> : Forfait de 250\u20ac pour un groupe jusqu\u2019\u00e0 10 puis 25 euros\/enfant. Le mercredi, prix de 220\u20ac<\/li>\n<li><strong>Parfums cr\u00e9\u00e9s<\/strong>\u00a0:\u00a03 parfums de 15 millilitres par participant<\/li>\n<li><strong>O\u00f9 ?<\/strong> L\u2019Abc du parfum se d\u00e9place \u00e0 domicile<\/li>\n<\/ul>\n<p>[\/et_pb_text][\/et_pb_column][et_pb_column type=&#8221;2_5&#8243; _builder_version=&#8221;4.16&#8243; _module_preset=&#8221;default&#8221; global_colors_info=&#8221;{}&#8221;][et_pb_image src=&#8221;https:\/\/abcduparfum.fr\/wp-content\/uploads\/2020\/11\/atelier-du-parfum-enfant-groupe-paris-marina-jung.jpg&#8221; title_text=&#8221;children&apos;s perfume workshop paris group marina jung&#8221; align=&#8221;center&#8221; _builder_version=&#8221;4.16&#8243; _module_preset=&#8221;default&#8221; width=&#8221;75%&#8221; module_alignment=&#8221;center&#8221; global_colors_info=&#8221;{}&#8221;][\/et_pb_image][et_pb_button button_url=&#8221;https:\/\/abcduparfum.fr\/en\/training-workshops-creation-of-perfume-online\/&#8221; button_text=&#8221;Book online&#8221; button_alignment=&#8221;center&#8221; _builder_version=&#8221;4.16&#8243; _module_preset=&#8221;default&#8221; custom_button=&#8221;on&#8221; button_text_size=&#8221;16px&#8221; button_font=&#8221;|||on|||||&#8221; button_use_icon=&#8221;off&#8221; global_colors_info=&#8221;{}&#8221;][\/et_pb_button][\/et_pb_column][\/et_pb_row][\/et_pb_section][et_pb_section fb_built=&#8221;1&#8243; fullwidth=&#8221;on&#8221; _builder_version=&#8221;4.16&#8243; _module_preset=&#8221;default&#8221; animation_style=&#8221;fold&#8221; animation_direction=&#8221;left&#8221; global_colors_info=&#8221;{}&#8221;][et_pb_fullwidth_header title=&#8221;THE EVENT WORKSHOP&#8221; subhead=&#8221;This workshop is suitable for seminars, cocktails and its duration varies from 15 minutes to 1h30 for more didactic activities &#8230;&#8221; button_one_text=&#8221;Contact us to create your tailor-made workshop&#8221; button_one_url=&#8221;https:\/\/abcduparfum.fr\/en\/contact-us\/&#8221; header_image_url=&#8221;https:\/\/dev.abcduparfum.fr\/wp-content\/uploads\/2020\/11\/ateliers-creer-parfum-abc-du-parfum-paris.jpg&#8221; image_orientation=&#8221;bottom&#8221; _builder_version=&#8221;4.16&#8243; _module_preset=&#8221;default&#8221; title_level=&#8221;h3&#8243; title_font=&#8221;|600|||||||&#8221; title_text_align=&#8221;left&#8221; title_text_color=&#8221;#faeae0&#8243; title_font_size=&#8221;16px&#8221; subhead_font=&#8221;|600|||||||&#8221; subhead_text_align=&#8221;justify&#8221; subhead_text_color=&#8221;#faeae0&#8243; background_color=&#8221;#8c475d&#8221; link_option_url=&#8221;https:\/\/abcduparfum.fr\/contact\/&#8221; global_colors_info=&#8221;{}&#8221;]<\/p>\n<p>&nbsp;<\/p>\n<p style=\"text-align: justify\">L&#8217;ABC DU PARFUM offers workshops for groups who wish to experience a moment of emulation by creating their tailor-made perfume. Through a unique method, participants exchange to create scent of the team or each of them. An experience that brings people together around a friendly artistic activity.<\/p>\n<p style=\"text-align: justify\">At the end of the workshop, you keep your formula and you can renew your perfume whenever you want. <span style=\"color: #999999\"><strong><a href=\"#\" style=\"color: #999999\">Click here to order it.<\/a><\/strong><\/span><\/p>\n<p>&nbsp;<\/p>\n<p style=\"text-align: justify\"><strong>Duration of the creation workshop<\/strong> : From 15 minutes to 1h30<br \/> <strong>Price<\/strong> : From 25 to 75 \u20ac \/ person (includes the workshop)<br \/> <strong>Perfume created <\/strong>: 15, 20, 30 or 50 ml spray<br \/> <strong>Where ?<\/strong> At Abc du Parfum (Paris) or at your event location<\/p>\n<p>&nbsp;<\/p>\n<p><em>GROUPE TOTAL, LA COMPAGNIE DES CROISI\u00c8RES DU PONANT through FRAGONARD, NESTL\u00c9, JOHNSON &amp; JOHNSON, AREVA trusted us.<\/em><\/p>\n<p>[\/et_pb_fullwidth_header][\/et_pb_section][et_pb_section fb_built=&#8221;1&#8243; _builder_version=&#8221;4.16&#8243; _module_preset=&#8221;default&#8221; custom_padding=&#8221;||0px|||&#8221; border_width_bottom=&#8221;1px&#8221; border_color_bottom=&#8221;#c3085b&#8221; global_colors_info=&#8221;{}&#8221;][et_pb_row column_structure=&#8221;1_3,2_3&#8243; module_id=&#8221;faqatelier&#8221; module_class=&#8221;faqatelier&#8221; _builder_version=&#8221;4.16&#8243; _module_preset=&#8221;default&#8221; global_colors_info=&#8221;{}&#8221;][et_pb_column type=&#8221;1_3&#8243; _builder_version=&#8221;4.16&#8243; _module_preset=&#8221;default&#8221; global_colors_info=&#8221;{}&#8221;][et_pb_blurb title=&#8221;FREQUENTLY ASKED QUESTIONS&#8221; url=&#8221;#faqatelier&#8221; use_icon=&#8221;on&#8221; font_icon=&#8221;&#xe007;||divi||400&#8243; icon_placement=&#8221;left&#8221; _builder_version=&#8221;4.16&#8243; _module_preset=&#8221;default&#8221; body_font=&#8221;|300|||||||&#8221; body_text_color=&#8221;#c3085b&#8221; background_color=&#8221;rgba(0,0,0,0)&#8221; custom_padding=&#8221;5px|5px|5px|5px|true|true&#8221; link_option_url=&#8221;#faqatelier&#8221; border_radii=&#8221;on|5px|5px|5px|5px&#8221; border_width_all=&#8221;1px&#8221; border_color_all=&#8221;rgba(9,10,2,0.41)&#8221; global_colors_info=&#8221;{}&#8221; transform_styles__hover_enabled=&#8221;on|hover&#8221; transform_scale__hover_enabled=&#8221;on|hover&#8221; transform_translate__hover_enabled=&#8221;on|desktop&#8221; transform_rotate__hover_enabled=&#8221;on|desktop&#8221; transform_skew__hover_enabled=&#8221;on|desktop&#8221; transform_origin__hover_enabled=&#8221;on|desktop&#8221; transform_scale__hover=&#8221;105%|105%&#8221;]<\/p>\n<p>Here you will find the answer to all your questions. Otherwise do not hesitate to contact us.<br \/> <strong>Email<\/strong><span>   <\/span><a href=\"mailto:marina.jung@abcduparfum.fr\">marina.jung@abcduparfum.fr<\/a><br \/> <strong>Phone<\/strong><span> 06 43 64 16 55<\/span><\/p>\n<p>[\/et_pb_blurb][et_pb_blurb url=&#8221;https:\/\/abcduparfum.fr\/en\/product\/re-order-your-perfume\/&#8221; use_icon=&#8221;on&#8221; font_icon=&#8221;&#x27;||divi||400&#8243; icon_color=&#8221;#ffffff&#8221; icon_placement=&#8221;left&#8221; _builder_version=&#8221;4.16&#8243; _module_preset=&#8221;default&#8221; header_text_color=&#8221;#ffffff&#8221; body_font=&#8221;|300|||||||&#8221; body_text_color=&#8221;#ffffff&#8221; background_color=&#8221;#c3085b&#8221; background_layout=&#8221;dark&#8221; custom_padding=&#8221;5px|5px|5px|5px|true|true&#8221; animation_style=&#8221;fade&#8221; link_option_url=&#8221;https:\/\/abcduparfum.fr\/en\/product\/re-order-your-perfume\/&#8221; border_radii=&#8221;on|5px|5px|5px|5px&#8221; border_width_all=&#8221;1px&#8221; border_color_all=&#8221;#8c475d&#8221; global_colors_info=&#8221;{}&#8221; transform_styles__hover_enabled=&#8221;on|desktop&#8221; transform_scale__hover_enabled=&#8221;on|desktop&#8221; transform_translate__hover_enabled=&#8221;on|desktop&#8221; transform_rotate__hover_enabled=&#8221;on|desktop&#8221; transform_skew__hover_enabled=&#8221;on|desktop&#8221; transform_origin__hover_enabled=&#8221;on|desktop&#8221; transform_scale__hover=&#8221;105%|105%&#8221;]DO YOU WANT TO RE-ORDER FOR YOUR PERFUME?<\/p>\n<p>You will receive 3 bottles of the perfume you created (50 ml with spray). Click here to order.[\/et_pb_blurb][\/et_pb_column][et_pb_column type=&#8221;2_3&#8243; _builder_version=&#8221;4.16&#8243; _module_preset=&#8221;default&#8221; global_colors_info=&#8221;{}&#8221;][et_pb_accordion open_toggle_text_color=&#8221;#c3085b&#8221; open_toggle_background_color=&#8221;#ffffff&#8221; closed_toggle_text_color=&#8221;#8c0231&#8243; closed_toggle_background_color=&#8221;#ffffff&#8221; icon_color=&#8221;#c3085b&#8221; _builder_version=&#8221;4.16&#8243; _module_preset=&#8221;default&#8221; toggle_text_color=&#8221;#000000&#8243; toggle_font=&#8221;|600|||||||&#8221; toggle_font_size=&#8221;13px&#8221; toggle_line_height=&#8221;1.2em&#8221; closed_toggle_text_align=&#8221;left&#8221; closed_toggle_font_size=&#8221;13px&#8221; text_orientation=&#8221;left&#8221; border_radii=&#8221;on|10px|10px|10px|10px&#8221; border_color_all=&#8221;#000000&#8243; global_colors_info=&#8221;{}&#8221;][et_pb_accordion_item title=&#8221;How to book a Workshop? What dates are available?&#8221; open=&#8221;on&#8221; _builder_version=&#8221;4.16&#8243; _module_preset=&#8221;default&#8221; global_colors_info=&#8221;{}&#8221;]<\/p>\n<p>In the calendar above, you select the workshop of your choice, the number of people, then a date and a time. Once your workshop has been paid, you will automatically receive an e-mail allowing you to find your invoice and the elements confirming your appointment.<\/p>\n<p>[\/et_pb_accordion_item][et_pb_accordion_item title=&#8221;Can I change the date of my Workshop once I have booked?&#8221; _builder_version=&#8221;4.16&#8243; _module_preset=&#8221;default&#8221; global_colors_info=&#8221;{}&#8221; open=&#8221;off&#8221;]<\/p>\n<p>Yes of course ! Once your workshop is paid for, you will automatically receive a summary email and access to your personal space where you can modify your information at any time.<br \/> You can therefore purchase the session and choose to change the date later.<\/p>\n<p>[\/et_pb_accordion_item][et_pb_accordion_item title=&#8221;The Workshop is a gift, what should I do?&#8221; _builder_version=&#8221;4.16&#8243; _module_preset=&#8221;default&#8221; global_colors_info=&#8221;{}&#8221; open=&#8221;off&#8221;]<\/p>\n<p>If you give a gift to a friend, you <a href=\"https:\/\/abcduparfum.fr\/en\/category-produit\/workshops\/\"> buy a gift voucher here<\/a>.<\/p>\n<p>You will receive a gift voucher by email with a code, so you will only have to forward this email to the person receiving the gift and this person can register on the site and choose a date himself by accessing his member area.<\/p>\n<p>[\/et_pb_accordion_item][et_pb_accordion_item title=&#8221;A question ? a hesitation? &#8221; _builder_version=&#8221;4.16&#8243; _module_preset=&#8221;default&#8221; global_colors_info=&#8221;{}&#8221; open=&#8221;off&#8221;]<\/p>\n<p>Contact us by email or phone, we are available to help you book your workshops and training, to build your project.<\/p>\n<p><strong>Email<\/strong><span>   <\/span><a href=\"mailto:marina.jung@abcduparfum.fr\">marina.jung@abcduparfum.fr<\/a><br \/><strong>Phone<\/strong><span> 06 43 64 16 55<\/span><\/p>\n<p>[\/et_pb_accordion_item][\/et_pb_accordion][\/et_pb_column][\/et_pb_row][\/et_pb_section]<\/p>\n","protected":false},"excerpt":{"rendered":"<p>They allow perfume enthusiasts to learn about composition through an initiatory journey of one hour and a half. Guided by the perfumer (&#8220;nose&#8221;) and thanks to an organ specially designed for this purpose, each one creates their tailor-made perfume, leaves with it and can recommend it later &#8230; A unique experience that does not require [&hellip;]<\/p>\n","protected":false},"author":1,"featured_media":0,"parent":0,"menu_order":0,"comment_status":"closed","ping_status":"closed","template":"","meta":{"_et_pb_use_builder":"on","_et_pb_old_content":"","_et_gb_content_width":"","footnotes":""},"class_list":["post-5264","page","type-page","status-publish","hentry"],"_links":{"self":[{"href":"https:\/\/abcduparfum.fr\/en\/wp-json\/wp\/v2\/pages\/5264","targetHints":{"allow":["GET"]}}],"collection":[{"href":"https:\/\/abcduparfum.fr\/en\/wp-json\/wp\/v2\/pages"}],"about":[{"href":"https:\/\/abcduparfum.fr\/en\/wp-json\/wp\/v2\/types\/page"}],"author":[{"embeddable":true,"href":"https:\/\/abcduparfum.fr\/en\/wp-json\/wp\/v2\/users\/1"}],"replies":[{"embeddable":true,"href":"https:\/\/abcduparfum.fr\/en\/wp-json\/wp\/v2\/comments?post=5264"}],"version-history":[{"count":8,"href":"https:\/\/abcduparfum.fr\/en\/wp-json\/wp\/v2\/pages\/5264\/revisions"}],"predecessor-version":[{"id":18180,"href":"https:\/\/abcduparfum.fr\/en\/wp-json\/wp\/v2\/pages\/5264\/revisions\/18180"}],"wp:attachment":[{"href":"https:\/\/abcduparfum.fr\/en\/wp-json\/wp\/v2\/media?parent=5264"}],"curies":[{"name":"wp","href":"https:\/\/api.w.org\/{rel}","templated":true}]}}