{"id":2798,"date":"2020-10-13T20:20:44","date_gmt":"2020-10-13T18:20:44","guid":{"rendered":"https:\/\/abcduparfum.fr\/presse-references\/"},"modified":"2020-12-12T11:22:14","modified_gmt":"2020-12-12T10:22:14","slug":"presse-references","status":"publish","type":"page","link":"https:\/\/abcduparfum.fr\/en\/presse-references\/","title":{"rendered":"Press \/ References"},"content":{"rendered":"<p>[et_pb_section fb_built=&#8221;1&#8243; fullwidth=&#8221;on&#8221; _builder_version=&#8221;4.6.6&#8243; _module_preset=&#8221;default&#8221; background_color=&#8221;rgba(0,0,0,0)&#8221;][et_pb_fullwidth_post_title meta=&#8221;off&#8221; featured_image=&#8221;off&#8221; _builder_version=&#8221;4.6.6&#8243; _module_preset=&#8221;default&#8221; title_font=&#8221;|600|||||||&#8221; title_font_size=&#8221;20px&#8221; background_color=&#8221;#faeae0&#8243; text_orientation=&#8221;center&#8221; module_alignment=&#8221;center&#8221; custom_padding=&#8221;3%||3%||true|false&#8221; custom_padding_tablet=&#8221;&#8221; custom_padding_phone=&#8221;5%||5%||true|false&#8221; custom_padding_last_edited=&#8221;on|desktop&#8221;][\/et_pb_fullwidth_post_title][\/et_pb_section][et_pb_section fb_built=&#8221;1&#8243; _builder_version=&#8221;4.2.2&#8243;][et_pb_row column_structure=&#8221;1_3,1_3,1_3&#8243; _builder_version=&#8221;4.2.2&#8243;][et_pb_column type=&#8221;1_3&#8243; _builder_version=&#8221;4.2.2&#8243;][et_pb_blurb title=&#8221;Formations&#8221; _builder_version=&#8221;4.7.3&#8243; _module_preset=&#8221;default&#8221; header_font_size=&#8221;18px&#8221; body_font=&#8221;|300|||||||&#8221; body_text_align=&#8221;center&#8221; body_font_size=&#8221;16px&#8221; body_letter_spacing=&#8221;1px&#8221; text_orientation=&#8221;center&#8221;]Thanks to Givenchy, Dior, S\u00e9phora, L&#8217;OR\u00c9AL, Fr\u00e9d\u00e9rique Malle, Parfums Nicola\u00ef, LISIPCA\u2026 who place their trust in La Formation.[\/et_pb_blurb][\/et_pb_column][et_pb_column type=&#8221;1_3&#8243; _builder_version=&#8221;4.2.2&#8243;][et_pb_blurb title=&#8221;Workshops&#8221; _builder_version=&#8221;4.7.3&#8243; _module_preset=&#8221;default&#8221; header_font_size=&#8221;18px&#8221; body_font=&#8221;|300|||||||&#8221; body_text_align=&#8221;center&#8221; body_font_size=&#8221;16px&#8221; body_letter_spacing=&#8221;1px&#8221; text_orientation=&#8221;center&#8221;]Thanks to Total, Pilgrim, Fragonard, H\u00f4tel George V Four Seasons, Jardin d&#8217;Acclimatation\u2026 who have placed their trust in Les Ateliers Parfums.[\/et_pb_blurb][\/et_pb_column][et_pb_column type=&#8221;1_3&#8243; _builder_version=&#8221;4.2.2&#8243;][et_pb_blurb title=&#8221;Creations&#8221; _builder_version=&#8221;4.7.3&#8243; _module_preset=&#8221;default&#8221; header_font_size=&#8221;18px&#8221; body_font=&#8221;|300|||||||&#8221; body_text_align=&#8221;center&#8221; body_font_size=&#8221;16px&#8221; body_letter_spacing=&#8221;1px&#8221; text_orientation=&#8221;center&#8221;]Thanks to Phuong Dang Barney&#8217;s New York, Majda Bekkali, Jacques Zolty, Eva Rachline &#8230; who place their trust in La Cr\u00e9ation de Parfum.[\/et_pb_blurb][\/et_pb_column][\/et_pb_row][\/et_pb_section][et_pb_section fb_built=&#8221;1&#8243; _builder_version=&#8221;4.7.3&#8243; background_color=&#8221;rgba(250,234,224,0.26)&#8221;][et_pb_row _builder_version=&#8221;4.2.2&#8243;][et_pb_column type=&#8221;4_4&#8243; _builder_version=&#8221;4.2.2&#8243;][et_pb_text _builder_version=&#8221;4.7.3&#8243; _module_preset=&#8221;default&#8221; text_font=&#8221;|300|||||||&#8221; text_font_size=&#8221;16px&#8221; text_letter_spacing=&#8221;1px&#8221; text_line_height=&#8221;1.8em&#8221;]<\/p>\n<p>A perfumer who has always been involved in the transmission of his profession, Marina Jung All\u00e9gret is often requested by radio and television for interviews. This page is dedicated to all those who have done her the honor of letting her speak about her profession:<br \/> Thanks to T\u00e9l\u00e9matin, France Inter (Isabelle Giordano), Vivolta\u2026<\/p>\n<p>[\/et_pb_text][\/et_pb_column][\/et_pb_row][\/et_pb_section]<\/p>\n","protected":false},"excerpt":{"rendered":"<p>Thanks to Givenchy, Dior, S\u00e9phora, L&#8217;OR\u00c9AL, Fr\u00e9d\u00e9rique Malle, Parfums Nicola\u00ef, LISIPCA\u2026 who place their trust in La Formation.Thanks to Total, Pilgrim, Fragonard, H\u00f4tel George V Four Seasons, Jardin d&#8217;Acclimatation\u2026 who have placed their trust in Les Ateliers Parfums.Thanks to Phuong Dang Barney&#8217;s New York, Majda Bekkali, Jacques Zolty, Eva Rachline &#8230; who place their trust [&hellip;]<\/p>\n","protected":false},"author":1,"featured_media":1161,"parent":0,"menu_order":0,"comment_status":"closed","ping_status":"closed","template":"","meta":{"_et_pb_use_builder":"on","_et_pb_old_content":"","_et_gb_content_width":"","footnotes":""},"class_list":["post-2798","page","type-page","status-publish","has-post-thumbnail","hentry"],"_links":{"self":[{"href":"https:\/\/abcduparfum.fr\/en\/wp-json\/wp\/v2\/pages\/2798","targetHints":{"allow":["GET"]}}],"collection":[{"href":"https:\/\/abcduparfum.fr\/en\/wp-json\/wp\/v2\/pages"}],"about":[{"href":"https:\/\/abcduparfum.fr\/en\/wp-json\/wp\/v2\/types\/page"}],"author":[{"embeddable":true,"href":"https:\/\/abcduparfum.fr\/en\/wp-json\/wp\/v2\/users\/1"}],"replies":[{"embeddable":true,"href":"https:\/\/abcduparfum.fr\/en\/wp-json\/wp\/v2\/comments?post=2798"}],"version-history":[{"count":0,"href":"https:\/\/abcduparfum.fr\/en\/wp-json\/wp\/v2\/pages\/2798\/revisions"}],"wp:featuredmedia":[{"embeddable":true,"href":"https:\/\/abcduparfum.fr\/en\/wp-json\/wp\/v2\/media\/1161"}],"wp:attachment":[{"href":"https:\/\/abcduparfum.fr\/en\/wp-json\/wp\/v2\/media?parent=2798"}],"curies":[{"name":"wp","href":"https:\/\/api.w.org\/{rel}","templated":true}]}}