{"id":2766,"date":"2020-10-13T20:19:36","date_gmt":"2020-10-13T18:19:36","guid":{"rendered":"https:\/\/abcduparfum.fr\/qui-nous-sommes\/"},"modified":"2020-12-23T17:24:11","modified_gmt":"2020-12-23T16:24:11","slug":"qui-nous-sommes","status":"publish","type":"page","link":"https:\/\/abcduparfum.fr\/en\/qui-nous-sommes\/","title":{"rendered":"Who we are"},"content":{"rendered":"<p>[et_pb_section fb_built=&#8221;1&#8243; fullwidth=&#8221;on&#8221; _builder_version=&#8221;4.6.6&#8243; _module_preset=&#8221;default&#8221; background_color=&#8221;rgba(0,0,0,0)&#8221;][et_pb_fullwidth_post_title meta=&#8221;off&#8221; featured_image=&#8221;off&#8221; _builder_version=&#8221;4.6.6&#8243; _module_preset=&#8221;default&#8221; title_font=&#8221;|600|||||||&#8221; title_font_size=&#8221;20px&#8221; background_color=&#8221;#faeae0&#8243; text_orientation=&#8221;center&#8221; module_alignment=&#8221;center&#8221; custom_padding=&#8221;3%||3%||true|false&#8221; custom_padding_tablet=&#8221;&#8221; custom_padding_phone=&#8221;5%||5%||true|false&#8221; custom_padding_last_edited=&#8221;on|desktop&#8221;][\/et_pb_fullwidth_post_title][\/et_pb_section][et_pb_section fb_built=&#8221;1&#8243; _builder_version=&#8221;4.6.6&#8243; background_enable_color=&#8221;off&#8221;][et_pb_row column_structure=&#8221;1_2,1_2&#8243; _builder_version=&#8221;4.6.6&#8243;][et_pb_column type=&#8221;1_2&#8243; _builder_version=&#8221;4.2.2&#8243;][et_pb_text _builder_version=&#8221;4.7.7&#8243; header_text_color=&#8221;#c3085b&#8221; header_2_text_color=&#8221;#c3085b&#8221; hover_enabled=&#8221;0&#8243; sticky_enabled=&#8221;0&#8243;]<\/p>\n<h2>Marina Jung All\u00e9gret<\/h2>\n<p>&nbsp;<\/p>\n<p>Perfumer for the Jacques Zolty brand or for the Majda Bekkali brand sold at JOVOY Paris in and at Harrods, Haute Parfumerie department.<\/p>\n<p>Professor at the Ecole sup\u00e9rieure du parfum in Paris training young perfumers, salespeople, perfume marketing; at Essec, at INSEEC busyness school.<\/p>\n<p>Consultant for Givenchy, Christian Dior Parfums, L\u2019OR\u00c9AL and \u00c9ditions de Parfums Fr\u00e9d\u00e9ric Malle.<\/p>\n<div class=\"et_pb_module et_pb_text et_pb_text_0  et_pb_text_align_left et_pb_bg_layout_light\">\n<div class=\"et_pb_text_inner\">\n<p>As a trainer, see my Official number : 11756123475 with the prefect of the Ile-de-France region. Trainer official number : 11756123475<\/p>\n<\/div>\n<\/div>\n<p>[\/et_pb_text][\/et_pb_column][et_pb_column type=&#8221;1_2&#8243; _builder_version=&#8221;4.2.2&#8243;][et_pb_image src=&#8221;https:\/\/abcduparfum.fr\/wp-content\/uploads\/2020\/10\/marina-jung-abc-du-parfum-atelier-creation-parfum-paris.jpg&#8221; title_text=&#8221;marina jung abc du parfum paris perfume creation workshop&#8221; align=&#8221;center&#8221; _builder_version=&#8221;4.6.5&#8243; _module_preset=&#8221;default&#8221; animation_style=&#8221;fade&#8221; box_shadow_style=&#8221;preset2&#8243;][\/et_pb_image][\/et_pb_column][\/et_pb_row][\/et_pb_section]<\/p>\n","protected":false},"excerpt":{"rendered":"<p>Marina Jung All\u00e9gret &nbsp; Perfumer for the Jacques Zolty brand or for the Majda Bekkali brand sold at JOVOY Paris in and at Harrods, Haute Parfumerie department. Professor at the Ecole sup\u00e9rieure du parfum in Paris training young perfumers, salespeople, perfume marketing; at Essec, at INSEEC busyness school. Consultant for Givenchy, Christian Dior Parfums, L\u2019OR\u00c9AL [&hellip;]<\/p>\n","protected":false},"author":1,"featured_media":1135,"parent":0,"menu_order":0,"comment_status":"closed","ping_status":"closed","template":"","meta":{"_et_pb_use_builder":"on","_et_pb_old_content":"","_et_gb_content_width":"","footnotes":""},"class_list":["post-2766","page","type-page","status-publish","has-post-thumbnail","hentry"],"_links":{"self":[{"href":"https:\/\/abcduparfum.fr\/en\/wp-json\/wp\/v2\/pages\/2766","targetHints":{"allow":["GET"]}}],"collection":[{"href":"https:\/\/abcduparfum.fr\/en\/wp-json\/wp\/v2\/pages"}],"about":[{"href":"https:\/\/abcduparfum.fr\/en\/wp-json\/wp\/v2\/types\/page"}],"author":[{"embeddable":true,"href":"https:\/\/abcduparfum.fr\/en\/wp-json\/wp\/v2\/users\/1"}],"replies":[{"embeddable":true,"href":"https:\/\/abcduparfum.fr\/en\/wp-json\/wp\/v2\/comments?post=2766"}],"version-history":[{"count":0,"href":"https:\/\/abcduparfum.fr\/en\/wp-json\/wp\/v2\/pages\/2766\/revisions"}],"wp:featuredmedia":[{"embeddable":true,"href":"https:\/\/abcduparfum.fr\/en\/wp-json\/wp\/v2\/media\/1135"}],"wp:attachment":[{"href":"https:\/\/abcduparfum.fr\/en\/wp-json\/wp\/v2\/media?parent=2766"}],"curies":[{"name":"wp","href":"https:\/\/api.w.org\/{rel}","templated":true}]}}